{"id":8,"date":"2025-03-18T09:09:45","date_gmt":"2025-03-18T08:09:45","guid":{"rendered":"https:\/\/ecolesaintemariegrandchamp.fr\/?page_id=8"},"modified":"2025-04-29T16:52:23","modified_gmt":"2025-04-29T14:52:23","slug":"accueil","status":"publish","type":"page","link":"https:\/\/ecolesaintemariegrandchamp.fr\/index.php\/accueil\/","title":{"rendered":"Accueil"},"content":{"rendered":"\n<div class=\"wp-block-cover alignfull is-light\" style=\"min-height:800px;aspect-ratio:unset;\"><img fetchpriority=\"high\" decoding=\"async\" width=\"2560\" height=\"1693\" class=\"wp-block-cover__image-background wp-image-87\" alt=\"\" src=\"https:\/\/ecolesaintemariegrandchamp.fr\/wp-content\/uploads\/2025\/03\/20250318_094007-scaled.jpg\" data-object-fit=\"cover\" srcset=\"https:\/\/ecolesaintemariegrandchamp.fr\/wp-content\/uploads\/2025\/03\/20250318_094007-scaled.jpg 2560w, https:\/\/ecolesaintemariegrandchamp.fr\/wp-content\/uploads\/2025\/03\/20250318_094007-300x198.jpg 300w, https:\/\/ecolesaintemariegrandchamp.fr\/wp-content\/uploads\/2025\/03\/20250318_094007-1024x677.jpg 1024w, https:\/\/ecolesaintemariegrandchamp.fr\/wp-content\/uploads\/2025\/03\/20250318_094007-768x508.jpg 768w, https:\/\/ecolesaintemariegrandchamp.fr\/wp-content\/uploads\/2025\/03\/20250318_094007-1536x1016.jpg 1536w, https:\/\/ecolesaintemariegrandchamp.fr\/wp-content\/uploads\/2025\/03\/20250318_094007-2048x1354.jpg 2048w\" sizes=\"(max-width: 2560px) 100vw, 2560px\" \/><span aria-hidden=\"true\" class=\"wp-block-cover__background has-background-dim-0 has-background-dim\"><\/span><div class=\"wp-block-cover__inner-container is-layout-flow wp-block-cover-is-layout-flow\">\n<div class=\"wp-block-columns are-vertically-aligned-center is-layout-flex wp-container-core-columns-is-layout-9d6595d7 wp-block-columns-is-layout-flex\">\n<div class=\"wp-block-column is-vertically-aligned-center is-layout-flow wp-block-column-is-layout-flow\" style=\"padding-right:var(--wp--preset--spacing--20);padding-left:var(--wp--preset--spacing--20);flex-basis:65%\">\n<div style=\"height:80px\" aria-hidden=\"true\" class=\"wp-block-spacer\"><\/div>\n\n\n\n<h1 class=\"wp-block-heading has-text-align-left has-nv-text-dark-bg-color has-text-color has-background\" style=\"background-color:#19181829\">Bienvenue \u00e0 l&rsquo;\u00e9cole Sainte Marie<\/h1>\n\n\n\n<p class=\"has-text-align-left has-nv-text-dark-bg-color has-text-color\" style=\"font-size:17px\"><\/p>\n\n\n\n<div class=\"wp-block-buttons is-horizontal is-content-justification-left is-layout-flex wp-container-core-buttons-is-layout-7e5fce0a wp-block-buttons-is-layout-flex\"><\/div>\n\n\n\n<div style=\"height:100px\" aria-hidden=\"true\" class=\"wp-block-spacer\"><\/div>\n<\/div>\n\n\n\n<div class=\"wp-block-column is-vertically-aligned-center is-layout-flow wp-block-column-is-layout-flow\"><\/div>\n<\/div>\n<\/div><\/div>\n\n\n\n<p><\/p>\n\n\n\n<p class=\"has-text-align-center has-nv-dark-bg-color has-text-color has-link-color has-x-large-font-size wp-elements-a997a31b7015f147192cdba75e575d8b\" style=\"border-width:3px;border-radius:0px\"><strong><a href=\"https:\/\/ecolesaintemariegrandchamp.fr\/index.php\/mon-ecole-en-photos\/\" data-type=\"page\" data-id=\"189\">Notre \u00e9cole en photos<\/a><\/strong><\/p>\n\n\n\n<figure class=\"wp-block-video\"><video height=\"720\" style=\"aspect-ratio: 1280 \/ 720;\" width=\"1280\" controls src=\"https:\/\/ecolesaintemariegrandchamp.fr\/wp-content\/uploads\/2025\/04\/Mon-film.mp4\"><\/video><\/figure>\n\n\n\n<div class=\"wp-block-group is-vertical is-content-justification-left is-layout-flex wp-container-core-group-is-layout-c0ca7d81 wp-block-group-is-layout-flex\">\n<p class=\"has-medium-font-size\">Voici le lip\u2019dub que nous vous avons r\u00e9alis\u00e9 avec la pr\u00e9cieuse aide de Nicolas CHARLES de la soci\u00e9t\u00e9 441 Pictures. Ce projet de tourner un lip\u2019dub, a demand\u00e9 beaucoup de temps de pr\u00e9paration et de concertation en \u00e9quipe mais le r\u00e9sultat est \u00e0 la hauteur de nos esp\u00e9rances. La phase de tournage, quant \u00e0 elle, exigea beaucoup de patience&nbsp;; il fallut faire plusieurs prises et donc recommencer encore et encore l\u2019action. Mais, cela nous a vraiment plu&nbsp;!<\/p>\n\n\n\n<p class=\"has-medium-font-size\">Je remercie \u00e9galement Morgane, l\u2019intervenante de Vannes Agglo, qui dans le cadre du parcours \u00ab&nbsp;Musique \u00e0 l\u2019\u00e9cole&nbsp;\u00bb est intervenue aupr\u00e8s des \u00e9l\u00e8ves de cycle 3 pour cr\u00e9er de toute pi\u00e8ce une musique pour le lip\u2019dub et inventer les paroles. Tous les enfants ont \u00e9prouv\u00e9 beaucoup de plaisir durant ces s\u00e9ances de musique.<\/p>\n\n\n\n<p class=\"has-medium-font-size\">Bref un merveilleux projet&nbsp;!<\/p>\n<\/div>\n\n\n\n<div style=\"height:40px\" aria-hidden=\"true\" class=\"wp-block-spacer\"><\/div>\n\n\n\n<iframe src=\"https:\/\/www.google.com\/maps\/embed?pb=!1m18!1m12!1m3!1d2682.11057270183!2d-2.8481746250272937!3d47.75990957738025!2m3!1f0!2f0!3f0!3m2!1i1024!2i768!4f13.1!3m3!1m2!1s0x481022fff57421c5%3A0x8add475ee56e83e4!2s%C3%89cole%20Sainte-Marie!5e0!3m2!1sfr!2sfr!4v1743495648900!5m2!1sfr!2sfr\" width=\"1200\" height=\"450\" style=\"border:0;\" allowfullscreen=\"\" loading=\"lazy\" referrerpolicy=\"no-referrer-when-downgrade\"><\/iframe>\n\n\n\n<p><\/p>\n\n\n\n<div class=\"wp-block-columns is-layout-flex wp-container-core-columns-is-layout-9d6595d7 wp-block-columns-is-layout-flex\">\n<div class=\"wp-block-column neve-duotone is-layout-flow wp-block-column-is-layout-flow\" style=\"padding-right:var(--wp--preset--spacing--30);padding-left:var(--wp--preset--spacing--30)\"><div class=\"wp-block-image icon-style is-style-default wp-duotone-unset-1\">\n<figure class=\"aligncenter size-full is-resized has-custom-border\"><img decoding=\"async\" width=\"142\" height=\"139\" src=\"https:\/\/ecolesaintemariegrandchamp.fr\/wp-content\/uploads\/2025\/03\/adresse.jpg\" alt=\"\" class=\"wp-image-116\" style=\"border-radius:0px;width:85px;height:auto\" title=\"\"\/><\/figure>\n<\/div>\n\n\n<div style=\"height:16px\" aria-hidden=\"true\" class=\"wp-block-spacer\"><\/div>\n\n\n\n<h3 class=\"wp-block-heading has-text-align-center has-neve-text-color-color has-text-color\">Adresse<\/h3>\n\n\n\n<p class=\"has-text-align-center has-medium-font-size\"><strong>Route de Penho\u00ebt 56390 Grand-Champ<\/strong><\/p>\n\n\n\n<div style=\"height:20px\" aria-hidden=\"true\" class=\"wp-block-spacer\"><\/div>\n<\/div>\n\n\n\n<div class=\"wp-block-column is-layout-flow wp-block-column-is-layout-flow\" style=\"padding-right:var(--wp--preset--spacing--30);padding-left:var(--wp--preset--spacing--30)\"><div class=\"wp-block-image icon-style is-style-default\">\n<figure class=\"aligncenter size-full has-custom-border\"><img decoding=\"async\" width=\"90\" height=\"87\" src=\"https:\/\/ecolesaintemariegrandchamp.fr\/wp-content\/uploads\/2025\/03\/tel.jpg\" alt=\"\" class=\"wp-image-118\" style=\"border-radius:0px\" title=\"\"\/><\/figure>\n<\/div>\n\n\n<div style=\"height:16px\" aria-hidden=\"true\" class=\"wp-block-spacer\"><\/div>\n\n\n\n<h3 class=\"wp-block-heading has-text-align-center has-neve-text-color-color has-text-color\">T\u00e9l\u00e9phone<\/h3>\n\n\n\n<p class=\"has-text-align-center has-medium-font-size\"><strong>02.97.66.76.33<\/strong><\/p>\n\n\n\n<div style=\"height:20px\" aria-hidden=\"true\" class=\"wp-block-spacer\"><\/div>\n<\/div>\n\n\n\n<div class=\"wp-block-column is-layout-flow wp-block-column-is-layout-flow\" style=\"padding-right:var(--wp--preset--spacing--30);padding-left:var(--wp--preset--spacing--30)\"><div class=\"wp-block-image icon-style is-style-default wp-duotone-unset-2\">\n<figure class=\"aligncenter size-full has-custom-border\"><img loading=\"lazy\" decoding=\"async\" width=\"97\" height=\"88\" src=\"https:\/\/ecolesaintemariegrandchamp.fr\/wp-content\/uploads\/2025\/03\/mail.jpg\" alt=\"\" class=\"wp-image-117\" style=\"border-radius:0px\" title=\"\"\/><\/figure>\n<\/div>\n\n\n<div style=\"height:16px\" aria-hidden=\"true\" class=\"wp-block-spacer\"><\/div>\n\n\n\n<h3 class=\"wp-block-heading has-text-align-center has-neve-text-color-color has-text-color\">Mail<\/h3>\n\n\n\n<p class=\"has-text-align-center has-medium-font-size\"><strong>eco56.stema.grand-champ@e-c.bzh<\/strong><\/p>\n\n\n\n<div style=\"height:20px\" aria-hidden=\"true\" class=\"wp-block-spacer\"><\/div>\n<\/div>\n<\/div>\n","protected":false},"excerpt":{"rendered":"<p>Notre \u00e9cole en photos Voici le lip\u2019dub que nous vous avons r\u00e9alis\u00e9 avec la pr\u00e9cieuse aide de Nicolas CHARLES de la soci\u00e9t\u00e9 441 Pictures. Ce projet de tourner un lip\u2019dub, a demand\u00e9 beaucoup de temps de pr\u00e9paration et de concertation en \u00e9quipe mais le r\u00e9sultat est \u00e0 la hauteur de nos esp\u00e9rances. La phase de&hellip;&nbsp;<a href=\"https:\/\/ecolesaintemariegrandchamp.fr\/index.php\/accueil\/\" rel=\"bookmark\">Lire la suite &raquo;<span class=\"screen-reader-text\">Accueil<\/span><\/a><\/p>\n","protected":false},"author":1,"featured_media":0,"parent":0,"menu_order":0,"comment_status":"closed","ping_status":"closed","template":"","meta":{"neve_meta_sidebar":"","neve_meta_container":"","neve_meta_enable_content_width":"on","neve_meta_content_width":100,"neve_meta_title_alignment":"","neve_meta_author_avatar":"","neve_post_elements_order":"","neve_meta_disable_header":"","neve_meta_disable_footer":"","neve_meta_disable_title":"on","footnotes":""},"class_list":["post-8","page","type-page","status-publish","hentry"],"yoast_head":"<!-- This site is optimized with the Yoast SEO plugin v27.4 - https:\/\/yoast.com\/product\/yoast-seo-wordpress\/ -->\n<title>Accueil - Ecole Sainte Marie Grand-Champ<\/title>\n<meta name=\"robots\" content=\"index, follow, max-snippet:-1, max-image-preview:large, max-video-preview:-1\" \/>\n<link rel=\"canonical\" href=\"https:\/\/ecolesaintemariegrandchamp.fr\/index.php\/accueil\/\" \/>\n<meta property=\"og:locale\" content=\"fr_FR\" \/>\n<meta property=\"og:type\" content=\"article\" \/>\n<meta property=\"og:title\" content=\"Accueil - Ecole Sainte Marie Grand-Champ\" \/>\n<meta property=\"og:description\" content=\"Notre \u00e9cole en photos Voici le lip\u2019dub que nous vous avons r\u00e9alis\u00e9 avec la pr\u00e9cieuse aide de Nicolas CHARLES de la soci\u00e9t\u00e9 441 Pictures. Ce projet de tourner un lip\u2019dub, a demand\u00e9 beaucoup de temps de pr\u00e9paration et de concertation en \u00e9quipe mais le r\u00e9sultat est \u00e0 la hauteur de nos esp\u00e9rances. La phase de&hellip;&nbsp;Lire la suite &raquo;Accueil\" \/>\n<meta property=\"og:url\" content=\"https:\/\/ecolesaintemariegrandchamp.fr\/index.php\/accueil\/\" \/>\n<meta property=\"og:site_name\" content=\"Ecole Sainte Marie Grand-Champ\" \/>\n<meta property=\"article:modified_time\" content=\"2025-04-29T14:52:23+00:00\" \/>\n<meta property=\"og:image\" content=\"https:\/\/ecolesaintemariegrandchamp.fr\/wp-content\/uploads\/2025\/03\/20250318_094007-scaled.jpg\" \/>\n<meta name=\"twitter:card\" content=\"summary_large_image\" \/>\n<meta name=\"twitter:label1\" content=\"Dur\u00e9e de lecture estim\u00e9e\" \/>\n\t<meta name=\"twitter:data1\" content=\"2 minutes\" \/>\n<script type=\"application\/ld+json\" class=\"yoast-schema-graph\">{\"@context\":\"https:\\\/\\\/schema.org\",\"@graph\":[{\"@type\":\"WebPage\",\"@id\":\"https:\\\/\\\/ecolesaintemariegrandchamp.fr\\\/index.php\\\/accueil\\\/\",\"url\":\"https:\\\/\\\/ecolesaintemariegrandchamp.fr\\\/index.php\\\/accueil\\\/\",\"name\":\"Accueil - Ecole Sainte Marie Grand-Champ\",\"isPartOf\":{\"@id\":\"https:\\\/\\\/ecolesaintemariegrandchamp.fr\\\/#website\"},\"primaryImageOfPage\":{\"@id\":\"https:\\\/\\\/ecolesaintemariegrandchamp.fr\\\/index.php\\\/accueil\\\/#primaryimage\"},\"image\":{\"@id\":\"https:\\\/\\\/ecolesaintemariegrandchamp.fr\\\/index.php\\\/accueil\\\/#primaryimage\"},\"thumbnailUrl\":\"https:\\\/\\\/ecolesaintemariegrandchamp.fr\\\/wp-content\\\/uploads\\\/2025\\\/03\\\/20250318_094007-scaled.jpg\",\"datePublished\":\"2025-03-18T08:09:45+00:00\",\"dateModified\":\"2025-04-29T14:52:23+00:00\",\"breadcrumb\":{\"@id\":\"https:\\\/\\\/ecolesaintemariegrandchamp.fr\\\/index.php\\\/accueil\\\/#breadcrumb\"},\"inLanguage\":\"fr-FR\",\"potentialAction\":[{\"@type\":\"ReadAction\",\"target\":[\"https:\\\/\\\/ecolesaintemariegrandchamp.fr\\\/index.php\\\/accueil\\\/\"]}]},{\"@type\":\"ImageObject\",\"inLanguage\":\"fr-FR\",\"@id\":\"https:\\\/\\\/ecolesaintemariegrandchamp.fr\\\/index.php\\\/accueil\\\/#primaryimage\",\"url\":\"https:\\\/\\\/ecolesaintemariegrandchamp.fr\\\/wp-content\\\/uploads\\\/2025\\\/03\\\/20250318_094007-scaled.jpg\",\"contentUrl\":\"https:\\\/\\\/ecolesaintemariegrandchamp.fr\\\/wp-content\\\/uploads\\\/2025\\\/03\\\/20250318_094007-scaled.jpg\",\"width\":2560,\"height\":1693},{\"@type\":\"BreadcrumbList\",\"@id\":\"https:\\\/\\\/ecolesaintemariegrandchamp.fr\\\/index.php\\\/accueil\\\/#breadcrumb\",\"itemListElement\":[{\"@type\":\"ListItem\",\"position\":1,\"name\":\"Accueil\",\"item\":\"https:\\\/\\\/ecolesaintemariegrandchamp.fr\\\/\"},{\"@type\":\"ListItem\",\"position\":2,\"name\":\"Accueil\"}]},{\"@type\":\"WebSite\",\"@id\":\"https:\\\/\\\/ecolesaintemariegrandchamp.fr\\\/#website\",\"url\":\"https:\\\/\\\/ecolesaintemariegrandchamp.fr\\\/\",\"name\":\"Ecole Sainte Marie Grand-Champ\",\"description\":\"Un site utilisant WordPress\",\"publisher\":{\"@id\":\"https:\\\/\\\/ecolesaintemariegrandchamp.fr\\\/#organization\"},\"potentialAction\":[{\"@type\":\"SearchAction\",\"target\":{\"@type\":\"EntryPoint\",\"urlTemplate\":\"https:\\\/\\\/ecolesaintemariegrandchamp.fr\\\/?s={search_term_string}\"},\"query-input\":{\"@type\":\"PropertyValueSpecification\",\"valueRequired\":true,\"valueName\":\"search_term_string\"}}],\"inLanguage\":\"fr-FR\"},{\"@type\":\"Organization\",\"@id\":\"https:\\\/\\\/ecolesaintemariegrandchamp.fr\\\/#organization\",\"name\":\"Ecole Sainte Marie Grand-Champ\",\"url\":\"https:\\\/\\\/ecolesaintemariegrandchamp.fr\\\/\",\"logo\":{\"@type\":\"ImageObject\",\"inLanguage\":\"fr-FR\",\"@id\":\"https:\\\/\\\/ecolesaintemariegrandchamp.fr\\\/#\\\/schema\\\/logo\\\/image\\\/\",\"url\":\"https:\\\/\\\/ecolesaintemariegrandchamp.fr\\\/wp-content\\\/uploads\\\/2025\\\/03\\\/logo-agency.png\",\"contentUrl\":\"https:\\\/\\\/ecolesaintemariegrandchamp.fr\\\/wp-content\\\/uploads\\\/2025\\\/03\\\/logo-agency.png\",\"width\":200,\"height\":200,\"caption\":\"Ecole Sainte Marie Grand-Champ\"},\"image\":{\"@id\":\"https:\\\/\\\/ecolesaintemariegrandchamp.fr\\\/#\\\/schema\\\/logo\\\/image\\\/\"}}]}<\/script>\n<!-- \/ Yoast SEO plugin. -->","yoast_head_json":{"title":"Accueil - Ecole Sainte Marie Grand-Champ","robots":{"index":"index","follow":"follow","max-snippet":"max-snippet:-1","max-image-preview":"max-image-preview:large","max-video-preview":"max-video-preview:-1"},"canonical":"https:\/\/ecolesaintemariegrandchamp.fr\/index.php\/accueil\/","og_locale":"fr_FR","og_type":"article","og_title":"Accueil - Ecole Sainte Marie Grand-Champ","og_description":"Notre \u00e9cole en photos Voici le lip\u2019dub que nous vous avons r\u00e9alis\u00e9 avec la pr\u00e9cieuse aide de Nicolas CHARLES de la soci\u00e9t\u00e9 441 Pictures. Ce projet de tourner un lip\u2019dub, a demand\u00e9 beaucoup de temps de pr\u00e9paration et de concertation en \u00e9quipe mais le r\u00e9sultat est \u00e0 la hauteur de nos esp\u00e9rances. La phase de&hellip;&nbsp;Lire la suite &raquo;Accueil","og_url":"https:\/\/ecolesaintemariegrandchamp.fr\/index.php\/accueil\/","og_site_name":"Ecole Sainte Marie Grand-Champ","article_modified_time":"2025-04-29T14:52:23+00:00","og_image":[{"url":"https:\/\/ecolesaintemariegrandchamp.fr\/wp-content\/uploads\/2025\/03\/20250318_094007-scaled.jpg","type":"","width":"","height":""}],"twitter_card":"summary_large_image","twitter_misc":{"Dur\u00e9e de lecture estim\u00e9e":"2 minutes"},"schema":{"@context":"https:\/\/schema.org","@graph":[{"@type":"WebPage","@id":"https:\/\/ecolesaintemariegrandchamp.fr\/index.php\/accueil\/","url":"https:\/\/ecolesaintemariegrandchamp.fr\/index.php\/accueil\/","name":"Accueil - Ecole Sainte Marie Grand-Champ","isPartOf":{"@id":"https:\/\/ecolesaintemariegrandchamp.fr\/#website"},"primaryImageOfPage":{"@id":"https:\/\/ecolesaintemariegrandchamp.fr\/index.php\/accueil\/#primaryimage"},"image":{"@id":"https:\/\/ecolesaintemariegrandchamp.fr\/index.php\/accueil\/#primaryimage"},"thumbnailUrl":"https:\/\/ecolesaintemariegrandchamp.fr\/wp-content\/uploads\/2025\/03\/20250318_094007-scaled.jpg","datePublished":"2025-03-18T08:09:45+00:00","dateModified":"2025-04-29T14:52:23+00:00","breadcrumb":{"@id":"https:\/\/ecolesaintemariegrandchamp.fr\/index.php\/accueil\/#breadcrumb"},"inLanguage":"fr-FR","potentialAction":[{"@type":"ReadAction","target":["https:\/\/ecolesaintemariegrandchamp.fr\/index.php\/accueil\/"]}]},{"@type":"ImageObject","inLanguage":"fr-FR","@id":"https:\/\/ecolesaintemariegrandchamp.fr\/index.php\/accueil\/#primaryimage","url":"https:\/\/ecolesaintemariegrandchamp.fr\/wp-content\/uploads\/2025\/03\/20250318_094007-scaled.jpg","contentUrl":"https:\/\/ecolesaintemariegrandchamp.fr\/wp-content\/uploads\/2025\/03\/20250318_094007-scaled.jpg","width":2560,"height":1693},{"@type":"BreadcrumbList","@id":"https:\/\/ecolesaintemariegrandchamp.fr\/index.php\/accueil\/#breadcrumb","itemListElement":[{"@type":"ListItem","position":1,"name":"Accueil","item":"https:\/\/ecolesaintemariegrandchamp.fr\/"},{"@type":"ListItem","position":2,"name":"Accueil"}]},{"@type":"WebSite","@id":"https:\/\/ecolesaintemariegrandchamp.fr\/#website","url":"https:\/\/ecolesaintemariegrandchamp.fr\/","name":"Ecole Sainte Marie Grand-Champ","description":"Un site utilisant WordPress","publisher":{"@id":"https:\/\/ecolesaintemariegrandchamp.fr\/#organization"},"potentialAction":[{"@type":"SearchAction","target":{"@type":"EntryPoint","urlTemplate":"https:\/\/ecolesaintemariegrandchamp.fr\/?s={search_term_string}"},"query-input":{"@type":"PropertyValueSpecification","valueRequired":true,"valueName":"search_term_string"}}],"inLanguage":"fr-FR"},{"@type":"Organization","@id":"https:\/\/ecolesaintemariegrandchamp.fr\/#organization","name":"Ecole Sainte Marie Grand-Champ","url":"https:\/\/ecolesaintemariegrandchamp.fr\/","logo":{"@type":"ImageObject","inLanguage":"fr-FR","@id":"https:\/\/ecolesaintemariegrandchamp.fr\/#\/schema\/logo\/image\/","url":"https:\/\/ecolesaintemariegrandchamp.fr\/wp-content\/uploads\/2025\/03\/logo-agency.png","contentUrl":"https:\/\/ecolesaintemariegrandchamp.fr\/wp-content\/uploads\/2025\/03\/logo-agency.png","width":200,"height":200,"caption":"Ecole Sainte Marie Grand-Champ"},"image":{"@id":"https:\/\/ecolesaintemariegrandchamp.fr\/#\/schema\/logo\/image\/"}}]}},"_links":{"self":[{"href":"https:\/\/ecolesaintemariegrandchamp.fr\/index.php\/wp-json\/wp\/v2\/pages\/8","targetHints":{"allow":["GET"]}}],"collection":[{"href":"https:\/\/ecolesaintemariegrandchamp.fr\/index.php\/wp-json\/wp\/v2\/pages"}],"about":[{"href":"https:\/\/ecolesaintemariegrandchamp.fr\/index.php\/wp-json\/wp\/v2\/types\/page"}],"author":[{"embeddable":true,"href":"https:\/\/ecolesaintemariegrandchamp.fr\/index.php\/wp-json\/wp\/v2\/users\/1"}],"replies":[{"embeddable":true,"href":"https:\/\/ecolesaintemariegrandchamp.fr\/index.php\/wp-json\/wp\/v2\/comments?post=8"}],"version-history":[{"count":27,"href":"https:\/\/ecolesaintemariegrandchamp.fr\/index.php\/wp-json\/wp\/v2\/pages\/8\/revisions"}],"predecessor-version":[{"id":341,"href":"https:\/\/ecolesaintemariegrandchamp.fr\/index.php\/wp-json\/wp\/v2\/pages\/8\/revisions\/341"}],"wp:attachment":[{"href":"https:\/\/ecolesaintemariegrandchamp.fr\/index.php\/wp-json\/wp\/v2\/media?parent=8"}],"curies":[{"name":"wp","href":"https:\/\/api.w.org\/{rel}","templated":true}]}}