{"id":59,"date":"2025-03-18T09:31:26","date_gmt":"2025-03-18T08:31:26","guid":{"rendered":"https:\/\/ecolesaintemariegrandchamp.fr\/?page_id=59"},"modified":"2025-10-10T14:53:00","modified_gmt":"2025-10-10T12:53:00","slug":"les-inscriptions","status":"publish","type":"page","link":"https:\/\/ecolesaintemariegrandchamp.fr\/index.php\/les-inscriptions\/","title":{"rendered":"Les inscriptions"},"content":{"rendered":"\n<p class=\"has-x-large-font-size\"><strong><em>Les inscriptions pour 2026 \/ 202<\/em><\/strong>7<\/p>\n\n\n\n<p>&nbsp;D\u00e8s \u00e0 pr\u00e9sent, la cheffe d&rsquo;\u00e9tablissement se tient \u00e0 la disposition des familles qui souhaiteraient inscrire leur(s) enfant(s) \u00e0 l&rsquo;\u00e9cole Sainte Marie pour la rentr\u00e9e de septembre 2026.<\/p>\n\n\n\n<p>Les enfants qui effectueront leur premi\u00e8re rentr\u00e9e en septembre, doivent avoir au moins deux ans \u00e0 la rentr\u00e9e, cela concerne donc tous les enfants n\u00e9s avant septembre 2024.<\/p>\n\n\n\n<p>&nbsp;&nbsp;&nbsp;&nbsp;&nbsp;&nbsp;&nbsp;&nbsp;&nbsp; Nous vous rappelons que l&rsquo;\u00e9cole Sainte Marie accueille tous les enfants de la premi\u00e8re ann\u00e9e de maternelle au CM2.<\/p>\n\n\n\n<p>&nbsp;&nbsp;&nbsp;&nbsp;&nbsp;&nbsp;&nbsp;&nbsp;&nbsp; D&rsquo;autre part, l&rsquo;\u00e9cole ayant une <strong>fili\u00e8re bilingue, fran\u00e7ais \u2013 breton<\/strong>, les enfants peuvent int\u00e9grer cette fili\u00e8re de la petite section premi\u00e8re ann\u00e9e de maternelle au CP.<\/p>\n\n\n\n<p>&nbsp;Pour tous renseignements et rendez-vous : 02 \u2013 97 \u2013 66 \u2013 76 \u2013 33<\/p>\n\n\n\n<p>Mail&nbsp;: <a href=\"mailto:eco56.stema.grand-champ@enseignement-catholique.bzh\">eco56.stema.grand-champ@enseignement-catholique.bzh<\/a><\/p>\n\n\n\n<p>Nos portes-ouvertes se d\u00e9rouleront le samedi 21 mars 2026 de 10 h 00 \u00e0 12 h 00.<\/p>\n\n\n<div class=\"wp-block-image\">\n<figure class=\"aligncenter\"><a href=\"https:\/\/ekladata.com\/-vq3BzodbF2InehgQsyrBOe-5Ec.gif\"><img decoding=\"async\" src=\"https:\/\/ekladata.com\/-vq3BzodbF2InehgQsyrBOe-5Ec@250x246.gif\" alt=\"Les inscriptions\"\/><\/a><\/figure>\n<\/div>","protected":false},"excerpt":{"rendered":"<p>Les inscriptions pour 2026 \/ 2027 &nbsp;D\u00e8s \u00e0 pr\u00e9sent, la cheffe d&rsquo;\u00e9tablissement se tient \u00e0 la disposition des familles qui souhaiteraient inscrire leur(s) enfant(s) \u00e0 l&rsquo;\u00e9cole Sainte Marie pour la rentr\u00e9e de septembre 2026. Les enfants qui effectueront leur premi\u00e8re rentr\u00e9e en septembre, doivent avoir au moins deux ans \u00e0 la rentr\u00e9e, cela concerne donc&hellip;&nbsp;<a href=\"https:\/\/ecolesaintemariegrandchamp.fr\/index.php\/les-inscriptions\/\" rel=\"bookmark\">Lire la suite &raquo;<span class=\"screen-reader-text\">Les inscriptions<\/span><\/a><\/p>\n","protected":false},"author":1,"featured_media":0,"parent":0,"menu_order":0,"comment_status":"closed","ping_status":"closed","template":"","meta":{"neve_meta_sidebar":"","neve_meta_container":"","neve_meta_enable_content_width":"","neve_meta_content_width":0,"neve_meta_title_alignment":"","neve_meta_author_avatar":"","neve_post_elements_order":"","neve_meta_disable_header":"","neve_meta_disable_footer":"","neve_meta_disable_title":"","footnotes":""},"class_list":["post-59","page","type-page","status-publish","hentry"],"yoast_head":"<!-- This site is optimized with the Yoast SEO plugin v27.4 - https:\/\/yoast.com\/product\/yoast-seo-wordpress\/ -->\n<title>Les inscriptions - Ecole Sainte Marie Grand-Champ<\/title>\n<meta name=\"robots\" content=\"index, follow, max-snippet:-1, max-image-preview:large, max-video-preview:-1\" \/>\n<link rel=\"canonical\" href=\"https:\/\/ecolesaintemariegrandchamp.fr\/index.php\/les-inscriptions\/\" \/>\n<meta property=\"og:locale\" content=\"fr_FR\" \/>\n<meta property=\"og:type\" content=\"article\" \/>\n<meta property=\"og:title\" content=\"Les inscriptions - Ecole Sainte Marie Grand-Champ\" \/>\n<meta property=\"og:description\" content=\"Les inscriptions pour 2026 \/ 2027 &nbsp;D\u00e8s \u00e0 pr\u00e9sent, la cheffe d&rsquo;\u00e9tablissement se tient \u00e0 la disposition des familles qui souhaiteraient inscrire leur(s) enfant(s) \u00e0 l&rsquo;\u00e9cole Sainte Marie pour la rentr\u00e9e de septembre 2026. Les enfants qui effectueront leur premi\u00e8re rentr\u00e9e en septembre, doivent avoir au moins deux ans \u00e0 la rentr\u00e9e, cela concerne donc&hellip;&nbsp;Lire la suite &raquo;Les inscriptions\" \/>\n<meta property=\"og:url\" content=\"https:\/\/ecolesaintemariegrandchamp.fr\/index.php\/les-inscriptions\/\" \/>\n<meta property=\"og:site_name\" content=\"Ecole Sainte Marie Grand-Champ\" \/>\n<meta property=\"article:modified_time\" content=\"2025-10-10T12:53:00+00:00\" \/>\n<meta property=\"og:image\" content=\"https:\/\/ekladata.com\/-vq3BzodbF2InehgQsyrBOe-5Ec@250x246.gif\" \/>\n<meta name=\"twitter:card\" content=\"summary_large_image\" \/>\n<meta name=\"twitter:label1\" content=\"Dur\u00e9e de lecture estim\u00e9e\" \/>\n\t<meta name=\"twitter:data1\" content=\"1 minute\" \/>\n<script type=\"application\/ld+json\" class=\"yoast-schema-graph\">{\"@context\":\"https:\\\/\\\/schema.org\",\"@graph\":[{\"@type\":\"WebPage\",\"@id\":\"https:\\\/\\\/ecolesaintemariegrandchamp.fr\\\/index.php\\\/les-inscriptions\\\/\",\"url\":\"https:\\\/\\\/ecolesaintemariegrandchamp.fr\\\/index.php\\\/les-inscriptions\\\/\",\"name\":\"Les inscriptions - Ecole Sainte Marie Grand-Champ\",\"isPartOf\":{\"@id\":\"https:\\\/\\\/ecolesaintemariegrandchamp.fr\\\/#website\"},\"primaryImageOfPage\":{\"@id\":\"https:\\\/\\\/ecolesaintemariegrandchamp.fr\\\/index.php\\\/les-inscriptions\\\/#primaryimage\"},\"image\":{\"@id\":\"https:\\\/\\\/ecolesaintemariegrandchamp.fr\\\/index.php\\\/les-inscriptions\\\/#primaryimage\"},\"thumbnailUrl\":\"https:\\\/\\\/ekladata.com\\\/-vq3BzodbF2InehgQsyrBOe-5Ec@250x246.gif\",\"datePublished\":\"2025-03-18T08:31:26+00:00\",\"dateModified\":\"2025-10-10T12:53:00+00:00\",\"breadcrumb\":{\"@id\":\"https:\\\/\\\/ecolesaintemariegrandchamp.fr\\\/index.php\\\/les-inscriptions\\\/#breadcrumb\"},\"inLanguage\":\"fr-FR\",\"potentialAction\":[{\"@type\":\"ReadAction\",\"target\":[\"https:\\\/\\\/ecolesaintemariegrandchamp.fr\\\/index.php\\\/les-inscriptions\\\/\"]}]},{\"@type\":\"ImageObject\",\"inLanguage\":\"fr-FR\",\"@id\":\"https:\\\/\\\/ecolesaintemariegrandchamp.fr\\\/index.php\\\/les-inscriptions\\\/#primaryimage\",\"url\":\"https:\\\/\\\/ekladata.com\\\/-vq3BzodbF2InehgQsyrBOe-5Ec@250x246.gif\",\"contentUrl\":\"https:\\\/\\\/ekladata.com\\\/-vq3BzodbF2InehgQsyrBOe-5Ec@250x246.gif\"},{\"@type\":\"BreadcrumbList\",\"@id\":\"https:\\\/\\\/ecolesaintemariegrandchamp.fr\\\/index.php\\\/les-inscriptions\\\/#breadcrumb\",\"itemListElement\":[{\"@type\":\"ListItem\",\"position\":1,\"name\":\"Accueil\",\"item\":\"https:\\\/\\\/ecolesaintemariegrandchamp.fr\\\/\"},{\"@type\":\"ListItem\",\"position\":2,\"name\":\"Les inscriptions\"}]},{\"@type\":\"WebSite\",\"@id\":\"https:\\\/\\\/ecolesaintemariegrandchamp.fr\\\/#website\",\"url\":\"https:\\\/\\\/ecolesaintemariegrandchamp.fr\\\/\",\"name\":\"Ecole Sainte Marie Grand-Champ\",\"description\":\"Un site utilisant WordPress\",\"publisher\":{\"@id\":\"https:\\\/\\\/ecolesaintemariegrandchamp.fr\\\/#organization\"},\"potentialAction\":[{\"@type\":\"SearchAction\",\"target\":{\"@type\":\"EntryPoint\",\"urlTemplate\":\"https:\\\/\\\/ecolesaintemariegrandchamp.fr\\\/?s={search_term_string}\"},\"query-input\":{\"@type\":\"PropertyValueSpecification\",\"valueRequired\":true,\"valueName\":\"search_term_string\"}}],\"inLanguage\":\"fr-FR\"},{\"@type\":\"Organization\",\"@id\":\"https:\\\/\\\/ecolesaintemariegrandchamp.fr\\\/#organization\",\"name\":\"Ecole Sainte Marie Grand-Champ\",\"url\":\"https:\\\/\\\/ecolesaintemariegrandchamp.fr\\\/\",\"logo\":{\"@type\":\"ImageObject\",\"inLanguage\":\"fr-FR\",\"@id\":\"https:\\\/\\\/ecolesaintemariegrandchamp.fr\\\/#\\\/schema\\\/logo\\\/image\\\/\",\"url\":\"https:\\\/\\\/ecolesaintemariegrandchamp.fr\\\/wp-content\\\/uploads\\\/2025\\\/03\\\/logo-agency.png\",\"contentUrl\":\"https:\\\/\\\/ecolesaintemariegrandchamp.fr\\\/wp-content\\\/uploads\\\/2025\\\/03\\\/logo-agency.png\",\"width\":200,\"height\":200,\"caption\":\"Ecole Sainte Marie Grand-Champ\"},\"image\":{\"@id\":\"https:\\\/\\\/ecolesaintemariegrandchamp.fr\\\/#\\\/schema\\\/logo\\\/image\\\/\"}}]}<\/script>\n<!-- \/ Yoast SEO plugin. -->","yoast_head_json":{"title":"Les inscriptions - Ecole Sainte Marie Grand-Champ","robots":{"index":"index","follow":"follow","max-snippet":"max-snippet:-1","max-image-preview":"max-image-preview:large","max-video-preview":"max-video-preview:-1"},"canonical":"https:\/\/ecolesaintemariegrandchamp.fr\/index.php\/les-inscriptions\/","og_locale":"fr_FR","og_type":"article","og_title":"Les inscriptions - Ecole Sainte Marie Grand-Champ","og_description":"Les inscriptions pour 2026 \/ 2027 &nbsp;D\u00e8s \u00e0 pr\u00e9sent, la cheffe d&rsquo;\u00e9tablissement se tient \u00e0 la disposition des familles qui souhaiteraient inscrire leur(s) enfant(s) \u00e0 l&rsquo;\u00e9cole Sainte Marie pour la rentr\u00e9e de septembre 2026. Les enfants qui effectueront leur premi\u00e8re rentr\u00e9e en septembre, doivent avoir au moins deux ans \u00e0 la rentr\u00e9e, cela concerne donc&hellip;&nbsp;Lire la suite &raquo;Les inscriptions","og_url":"https:\/\/ecolesaintemariegrandchamp.fr\/index.php\/les-inscriptions\/","og_site_name":"Ecole Sainte Marie Grand-Champ","article_modified_time":"2025-10-10T12:53:00+00:00","og_image":[{"url":"https:\/\/ekladata.com\/-vq3BzodbF2InehgQsyrBOe-5Ec@250x246.gif","type":"","width":"","height":""}],"twitter_card":"summary_large_image","twitter_misc":{"Dur\u00e9e de lecture estim\u00e9e":"1 minute"},"schema":{"@context":"https:\/\/schema.org","@graph":[{"@type":"WebPage","@id":"https:\/\/ecolesaintemariegrandchamp.fr\/index.php\/les-inscriptions\/","url":"https:\/\/ecolesaintemariegrandchamp.fr\/index.php\/les-inscriptions\/","name":"Les inscriptions - Ecole Sainte Marie Grand-Champ","isPartOf":{"@id":"https:\/\/ecolesaintemariegrandchamp.fr\/#website"},"primaryImageOfPage":{"@id":"https:\/\/ecolesaintemariegrandchamp.fr\/index.php\/les-inscriptions\/#primaryimage"},"image":{"@id":"https:\/\/ecolesaintemariegrandchamp.fr\/index.php\/les-inscriptions\/#primaryimage"},"thumbnailUrl":"https:\/\/ekladata.com\/-vq3BzodbF2InehgQsyrBOe-5Ec@250x246.gif","datePublished":"2025-03-18T08:31:26+00:00","dateModified":"2025-10-10T12:53:00+00:00","breadcrumb":{"@id":"https:\/\/ecolesaintemariegrandchamp.fr\/index.php\/les-inscriptions\/#breadcrumb"},"inLanguage":"fr-FR","potentialAction":[{"@type":"ReadAction","target":["https:\/\/ecolesaintemariegrandchamp.fr\/index.php\/les-inscriptions\/"]}]},{"@type":"ImageObject","inLanguage":"fr-FR","@id":"https:\/\/ecolesaintemariegrandchamp.fr\/index.php\/les-inscriptions\/#primaryimage","url":"https:\/\/ekladata.com\/-vq3BzodbF2InehgQsyrBOe-5Ec@250x246.gif","contentUrl":"https:\/\/ekladata.com\/-vq3BzodbF2InehgQsyrBOe-5Ec@250x246.gif"},{"@type":"BreadcrumbList","@id":"https:\/\/ecolesaintemariegrandchamp.fr\/index.php\/les-inscriptions\/#breadcrumb","itemListElement":[{"@type":"ListItem","position":1,"name":"Accueil","item":"https:\/\/ecolesaintemariegrandchamp.fr\/"},{"@type":"ListItem","position":2,"name":"Les inscriptions"}]},{"@type":"WebSite","@id":"https:\/\/ecolesaintemariegrandchamp.fr\/#website","url":"https:\/\/ecolesaintemariegrandchamp.fr\/","name":"Ecole Sainte Marie Grand-Champ","description":"Un site utilisant WordPress","publisher":{"@id":"https:\/\/ecolesaintemariegrandchamp.fr\/#organization"},"potentialAction":[{"@type":"SearchAction","target":{"@type":"EntryPoint","urlTemplate":"https:\/\/ecolesaintemariegrandchamp.fr\/?s={search_term_string}"},"query-input":{"@type":"PropertyValueSpecification","valueRequired":true,"valueName":"search_term_string"}}],"inLanguage":"fr-FR"},{"@type":"Organization","@id":"https:\/\/ecolesaintemariegrandchamp.fr\/#organization","name":"Ecole Sainte Marie Grand-Champ","url":"https:\/\/ecolesaintemariegrandchamp.fr\/","logo":{"@type":"ImageObject","inLanguage":"fr-FR","@id":"https:\/\/ecolesaintemariegrandchamp.fr\/#\/schema\/logo\/image\/","url":"https:\/\/ecolesaintemariegrandchamp.fr\/wp-content\/uploads\/2025\/03\/logo-agency.png","contentUrl":"https:\/\/ecolesaintemariegrandchamp.fr\/wp-content\/uploads\/2025\/03\/logo-agency.png","width":200,"height":200,"caption":"Ecole Sainte Marie Grand-Champ"},"image":{"@id":"https:\/\/ecolesaintemariegrandchamp.fr\/#\/schema\/logo\/image\/"}}]}},"_links":{"self":[{"href":"https:\/\/ecolesaintemariegrandchamp.fr\/index.php\/wp-json\/wp\/v2\/pages\/59","targetHints":{"allow":["GET"]}}],"collection":[{"href":"https:\/\/ecolesaintemariegrandchamp.fr\/index.php\/wp-json\/wp\/v2\/pages"}],"about":[{"href":"https:\/\/ecolesaintemariegrandchamp.fr\/index.php\/wp-json\/wp\/v2\/types\/page"}],"author":[{"embeddable":true,"href":"https:\/\/ecolesaintemariegrandchamp.fr\/index.php\/wp-json\/wp\/v2\/users\/1"}],"replies":[{"embeddable":true,"href":"https:\/\/ecolesaintemariegrandchamp.fr\/index.php\/wp-json\/wp\/v2\/comments?post=59"}],"version-history":[{"count":5,"href":"https:\/\/ecolesaintemariegrandchamp.fr\/index.php\/wp-json\/wp\/v2\/pages\/59\/revisions"}],"predecessor-version":[{"id":496,"href":"https:\/\/ecolesaintemariegrandchamp.fr\/index.php\/wp-json\/wp\/v2\/pages\/59\/revisions\/496"}],"wp:attachment":[{"href":"https:\/\/ecolesaintemariegrandchamp.fr\/index.php\/wp-json\/wp\/v2\/media?parent=59"}],"curies":[{"name":"wp","href":"https:\/\/api.w.org\/{rel}","templated":true}]}}