{"id":367,"date":"2025-05-06T14:46:52","date_gmt":"2025-05-06T12:46:52","guid":{"rendered":"https:\/\/ecolesaintemariegrandchamp.fr\/?page_id=367"},"modified":"2026-01-26T16:26:53","modified_gmt":"2026-01-26T15:26:53","slug":"elementor-page-367","status":"publish","type":"page","link":"https:\/\/ecolesaintemariegrandchamp.fr\/","title":{"rendered":"Ecole Sainte Marie Grand-Champ"},"content":{"rendered":"\t\t<div data-elementor-type=\"wp-page\" data-elementor-id=\"367\" class=\"elementor elementor-367\">\n\t\t\t\t\t\t<section class=\"elementor-section elementor-top-section elementor-element elementor-element-75852f67 elementor-section-stretched elementor-section-boxed elementor-section-height-default elementor-section-height-default\" data-id=\"75852f67\" data-element_type=\"section\" data-e-type=\"section\" data-settings=\"{&quot;background_background&quot;:&quot;slideshow&quot;,&quot;background_slideshow_gallery&quot;:[{&quot;id&quot;:200,&quot;url&quot;:&quot;https:\\\/\\\/ecolesaintemariegrandchamp.fr\\\/wp-content\\\/uploads\\\/2025\\\/04\\\/Photo-ecole-scaled.jpg&quot;},{&quot;id&quot;:201,&quot;url&quot;:&quot;https:\\\/\\\/ecolesaintemariegrandchamp.fr\\\/wp-content\\\/uploads\\\/2025\\\/04\\\/20250318_094007-scaled.jpg&quot;},{&quot;id&quot;:198,&quot;url&quot;:&quot;https:\\\/\\\/ecolesaintemariegrandchamp.fr\\\/wp-content\\\/uploads\\\/2025\\\/04\\\/ecole-6.jpg&quot;},{&quot;id&quot;:202,&quot;url&quot;:&quot;https:\\\/\\\/ecolesaintemariegrandchamp.fr\\\/wp-content\\\/uploads\\\/2025\\\/04\\\/20220429_153955-scaled.jpg&quot;},{&quot;id&quot;:209,&quot;url&quot;:&quot;https:\\\/\\\/ecolesaintemariegrandchamp.fr\\\/wp-content\\\/uploads\\\/2025\\\/04\\\/20250318_091645-scaled.jpg&quot;}],&quot;background_slideshow_slide_duration&quot;:2500,&quot;stretch_section&quot;:&quot;section-stretched&quot;,&quot;background_slideshow_loop&quot;:&quot;yes&quot;,&quot;background_slideshow_slide_transition&quot;:&quot;fade&quot;,&quot;background_slideshow_transition_duration&quot;:500}\">\n\t\t\t\t\t\t<div class=\"elementor-container elementor-column-gap-default\">\n\t\t\t\t\t<div class=\"elementor-column elementor-col-33 elementor-top-column elementor-element elementor-element-2dd58b51 elementor-invisible\" data-id=\"2dd58b51\" data-element_type=\"column\" data-e-type=\"column\" data-settings=\"{&quot;background_background&quot;:&quot;classic&quot;,&quot;animation&quot;:&quot;slideInLeft&quot;}\">\n\t\t\t<div class=\"elementor-widget-wrap elementor-element-populated\">\n\t\t\t\t\t\t<div class=\"elementor-element elementor-element-6c748fee elementor-invisible elementor-widget elementor-widget-heading\" data-id=\"6c748fee\" data-element_type=\"widget\" data-e-type=\"widget\" data-settings=\"{&quot;_animation&quot;:&quot;slideInLeft&quot;}\" data-widget_type=\"heading.default\">\n\t\t\t\t<div class=\"elementor-widget-container\">\n\t\t\t\t\t<h1 class=\"elementor-heading-title elementor-size-default\">Bienvenue \u00e0 l'\u00e9cole Sainte Marie de Grand-Champ !<\/h1>\t\t\t\t<\/div>\n\t\t\t\t<\/div>\n\t\t\t\t\t<\/div>\n\t\t<\/div>\n\t\t\t\t<div class=\"elementor-column elementor-col-33 elementor-top-column elementor-element elementor-element-1c95b58c\" data-id=\"1c95b58c\" data-element_type=\"column\" data-e-type=\"column\">\n\t\t\t<div class=\"elementor-widget-wrap\">\n\t\t\t\t\t\t\t<\/div>\n\t\t<\/div>\n\t\t\t\t<div class=\"elementor-column elementor-col-33 elementor-top-column elementor-element elementor-element-4cb3753b\" data-id=\"4cb3753b\" data-element_type=\"column\" data-e-type=\"column\">\n\t\t\t<div class=\"elementor-widget-wrap elementor-element-populated\">\n\t\t\t\t\t\t\t<\/div>\n\t\t<\/div>\n\t\t\t\t\t<\/div>\n\t\t<\/section>\n\t\t\t\t<section class=\"elementor-section elementor-top-section elementor-element elementor-element-5a359be3 elementor-section-full_width elementor-section-stretched elementor-section-height-default elementor-section-height-default\" data-id=\"5a359be3\" data-element_type=\"section\" data-e-type=\"section\" data-settings=\"{&quot;stretch_section&quot;:&quot;section-stretched&quot;}\">\n\t\t\t\t\t\t\t<div class=\"elementor-background-overlay\"><\/div>\n\t\t\t\t\t\t\t<div class=\"elementor-container elementor-column-gap-default\">\n\t\t\t\t\t<div class=\"elementor-column elementor-col-33 elementor-top-column elementor-element elementor-element-2b6cda34\" data-id=\"2b6cda34\" data-element_type=\"column\" data-e-type=\"column\">\n\t\t\t<div class=\"elementor-widget-wrap elementor-element-populated\">\n\t\t\t\t\t\t<div class=\"elementor-element elementor-element-4f02dd88 elementor-view-stacked elementor-shape-circle elementor-position-block-start elementor-mobile-position-block-start elementor-widget elementor-widget-icon-box\" data-id=\"4f02dd88\" data-element_type=\"widget\" data-e-type=\"widget\" data-widget_type=\"icon-box.default\">\n\t\t\t\t<div class=\"elementor-widget-container\">\n\t\t\t\t\t\t\t<div class=\"elementor-icon-box-wrapper\">\n\n\t\t\t\t\t\t<div class=\"elementor-icon-box-icon\">\n\t\t\t\t<span  class=\"elementor-icon\">\n\t\t\t\t<svg aria-hidden=\"true\" class=\"e-font-icon-svg e-fas-phone-alt\" viewBox=\"0 0 512 512\" xmlns=\"http:\/\/www.w3.org\/2000\/svg\"><path d=\"M497.39 361.8l-112-48a24 24 0 0 0-28 6.9l-49.6 60.6A370.66 370.66 0 0 1 130.6 204.11l60.6-49.6a23.94 23.94 0 0 0 6.9-28l-48-112A24.16 24.16 0 0 0 122.6.61l-104 24A24 24 0 0 0 0 48c0 256.5 207.9 464 464 464a24 24 0 0 0 23.4-18.6l24-104a24.29 24.29 0 0 0-14.01-27.6z\"><\/path><\/svg>\t\t\t\t<\/span>\n\t\t\t<\/div>\n\t\t\t\n\t\t\t\t\t\t<div class=\"elementor-icon-box-content\">\n\n\t\t\t\t\t\t\t\t\t<h3 class=\"elementor-icon-box-title\">\n\t\t\t\t\t\t<span  >\n\t\t\t\t\t\t\t<h3 class=\"wp-block-heading has-text-align-center has-neve-text-color-color has-text-color\" style=\"font-size: 24px;font-weight: 600;, Times, serif, Arial, Helvetica, sans-serif;line-height: 31.2px;letter-spacing: normal;text-transform: none\">T\u00e9l\u00e9phone<\/h3><p class=\"has-text-align-center has-medium-font-size\" style=\", Times, serif, Arial, Helvetica, sans-serif;font-weight: 400;font-size: 20px !important\"><\/p><strong style=\", Times, serif, Arial, Helvetica, sans-serif;font-size: 20px\">02.97.66.76.33<\/strong>\t\t\t\t\t\t<\/span>\n\t\t\t\t\t<\/h3>\n\t\t\t\t\n\t\t\t\t\n\t\t\t<\/div>\n\t\t\t\n\t\t<\/div>\n\t\t\t\t\t\t<\/div>\n\t\t\t\t<\/div>\n\t\t\t\t\t<\/div>\n\t\t<\/div>\n\t\t\t\t<div class=\"elementor-column elementor-col-33 elementor-top-column elementor-element elementor-element-68cfc006\" data-id=\"68cfc006\" data-element_type=\"column\" data-e-type=\"column\">\n\t\t\t<div class=\"elementor-widget-wrap elementor-element-populated\">\n\t\t\t\t\t\t<div class=\"elementor-element elementor-element-57ab1149 elementor-view-stacked e-transform elementor-shape-circle elementor-position-block-start elementor-mobile-position-block-start elementor-widget elementor-widget-icon-box\" data-id=\"57ab1149\" data-element_type=\"widget\" data-e-type=\"widget\" data-settings=\"{&quot;_transform_scale_effect&quot;:{&quot;unit&quot;:&quot;px&quot;,&quot;size&quot;:&quot;&quot;,&quot;sizes&quot;:[]},&quot;_transform_scale_effect_tablet&quot;:{&quot;unit&quot;:&quot;px&quot;,&quot;size&quot;:&quot;&quot;,&quot;sizes&quot;:[]},&quot;_transform_scale_effect_mobile&quot;:{&quot;unit&quot;:&quot;px&quot;,&quot;size&quot;:&quot;&quot;,&quot;sizes&quot;:[]}}\" data-widget_type=\"icon-box.default\">\n\t\t\t\t<div class=\"elementor-widget-container\">\n\t\t\t\t\t\t\t<div class=\"elementor-icon-box-wrapper\">\n\n\t\t\t\t\t\t<div class=\"elementor-icon-box-icon\">\n\t\t\t\t<span  class=\"elementor-icon\">\n\t\t\t\t<svg aria-hidden=\"true\" class=\"e-font-icon-svg e-fas-mail-bulk\" viewBox=\"0 0 576 512\" xmlns=\"http:\/\/www.w3.org\/2000\/svg\"><path d=\"M160 448c-25.6 0-51.2-22.4-64-32-64-44.8-83.2-60.8-96-70.4V480c0 17.67 14.33 32 32 32h256c17.67 0 32-14.33 32-32V345.6c-12.8 9.6-32 25.6-96 70.4-12.8 9.6-38.4 32-64 32zm128-192H32c-17.67 0-32 14.33-32 32v16c25.6 19.2 22.4 19.2 115.2 86.4 9.6 6.4 28.8 25.6 44.8 25.6s35.2-19.2 44.8-22.4c92.8-67.2 89.6-67.2 115.2-86.4V288c0-17.67-14.33-32-32-32zm256-96H224c-17.67 0-32 14.33-32 32v32h96c33.21 0 60.59 25.42 63.71 57.82l.29-.22V416h192c17.67 0 32-14.33 32-32V192c0-17.67-14.33-32-32-32zm-32 128h-64v-64h64v64zm-352-96c0-35.29 28.71-64 64-64h224V32c0-17.67-14.33-32-32-32H96C78.33 0 64 14.33 64 32v192h96v-32z\"><\/path><\/svg>\t\t\t\t<\/span>\n\t\t\t<\/div>\n\t\t\t\n\t\t\t\t\t\t<div class=\"elementor-icon-box-content\">\n\n\t\t\t\t\t\t\t\t\t<h3 class=\"elementor-icon-box-title\">\n\t\t\t\t\t\t<span  >\n\t\t\t\t\t\t\t<h3 style=\"font-size: 24px;font-weight: 600;, Times, serif, Arial, Helvetica, sans-serif;line-height: 31.2px;letter-spacing: normal;text-transform: none\">Mail<\/h3><p style=\", Times, serif, Arial, Helvetica, sans-serif;font-weight: 400;letter-spacing: normal;font-size: 20px !important\"><\/p><strong style=\", Times, serif, Arial, Helvetica, sans-serif;letter-spacing: normal\">eco56.stema.grand-champ<\/strong><br><strong style=\", Times, serif, Arial, Helvetica, sans-serif;letter-spacing: normal\">@e-c.bzh<\/strong>\t\t\t\t\t\t<\/span>\n\t\t\t\t\t<\/h3>\n\t\t\t\t\n\t\t\t\t\n\t\t\t<\/div>\n\t\t\t\n\t\t<\/div>\n\t\t\t\t\t\t<\/div>\n\t\t\t\t<\/div>\n\t\t\t\t\t<\/div>\n\t\t<\/div>\n\t\t\t\t<div class=\"elementor-column elementor-col-33 elementor-top-column elementor-element elementor-element-12c8d190\" data-id=\"12c8d190\" data-element_type=\"column\" data-e-type=\"column\">\n\t\t\t<div class=\"elementor-widget-wrap elementor-element-populated\">\n\t\t\t\t\t\t<div class=\"elementor-element elementor-element-e03c235 elementor-view-stacked elementor-shape-circle elementor-position-block-start elementor-mobile-position-block-start elementor-widget elementor-widget-icon-box\" data-id=\"e03c235\" data-element_type=\"widget\" data-e-type=\"widget\" data-widget_type=\"icon-box.default\">\n\t\t\t\t<div class=\"elementor-widget-container\">\n\t\t\t\t\t\t\t<div class=\"elementor-icon-box-wrapper\">\n\n\t\t\t\t\t\t<div class=\"elementor-icon-box-icon\">\n\t\t\t\t<span  class=\"elementor-icon\">\n\t\t\t\t<svg aria-hidden=\"true\" class=\"e-font-icon-svg e-far-envelope\" viewBox=\"0 0 512 512\" xmlns=\"http:\/\/www.w3.org\/2000\/svg\"><path d=\"M464 64H48C21.49 64 0 85.49 0 112v288c0 26.51 21.49 48 48 48h416c26.51 0 48-21.49 48-48V112c0-26.51-21.49-48-48-48zm0 48v40.805c-22.422 18.259-58.168 46.651-134.587 106.49-16.841 13.247-50.201 45.072-73.413 44.701-23.208.375-56.579-31.459-73.413-44.701C106.18 199.465 70.425 171.067 48 152.805V112h416zM48 400V214.398c22.914 18.251 55.409 43.862 104.938 82.646 21.857 17.205 60.134 55.186 103.062 54.955 42.717.231 80.509-37.199 103.053-54.947 49.528-38.783 82.032-64.401 104.947-82.653V400H48z\"><\/path><\/svg>\t\t\t\t<\/span>\n\t\t\t<\/div>\n\t\t\t\n\t\t\t\t\t\t<div class=\"elementor-icon-box-content\">\n\n\t\t\t\t\t\t\t\t\t<h3 class=\"elementor-icon-box-title\">\n\t\t\t\t\t\t<span  >\n\t\t\t\t\t\t\t<h3 style=\"font-size: 24px;font-weight: 600;, Times, serif, Arial, Helvetica, sans-serif;line-height: 31.2px;letter-spacing: normal;text-transform: none\">Adresse<\/h3><p style=\", Times, serif, Arial, Helvetica, sans-serif;font-weight: 400;letter-spacing: normal;font-size: 20px !important\"><\/p><strong style=\", Times, serif, Arial, Helvetica, sans-serif;letter-spacing: normal\">Route de Penho\u00ebt<\/strong><br><strong style=\", Times, serif, Arial, Helvetica, sans-serif;letter-spacing: normal\">56390 Grand-Champ<\/strong>\t\t\t\t\t\t<\/span>\n\t\t\t\t\t<\/h3>\n\t\t\t\t\n\t\t\t\t\n\t\t\t<\/div>\n\t\t\t\n\t\t<\/div>\n\t\t\t\t\t\t<\/div>\n\t\t\t\t<\/div>\n\t\t\t\t\t<\/div>\n\t\t<\/div>\n\t\t\t\t\t<\/div>\n\t\t<\/section>\n\t\t\t\t<section class=\"elementor-section elementor-top-section elementor-element elementor-element-5c0e52e7 elementor-section-stretched elementor-section-full_width elementor-section-height-default elementor-section-height-default\" data-id=\"5c0e52e7\" data-element_type=\"section\" data-e-type=\"section\" data-settings=\"{&quot;stretch_section&quot;:&quot;section-stretched&quot;,&quot;background_background&quot;:&quot;classic&quot;}\">\n\t\t\t\t\t\t\t<div class=\"elementor-background-overlay\"><\/div>\n\t\t\t\t\t\t\t<div class=\"elementor-container elementor-column-gap-wide\">\n\t\t\t\t\t<div class=\"elementor-column elementor-col-50 elementor-top-column elementor-element elementor-element-348512d8\" data-id=\"348512d8\" data-element_type=\"column\" data-e-type=\"column\">\n\t\t\t<div class=\"elementor-widget-wrap elementor-element-populated\">\n\t\t\t\t\t\t<div class=\"elementor-element elementor-element-73e92457 elementor-widget elementor-widget-video\" data-id=\"73e92457\" data-element_type=\"widget\" data-e-type=\"widget\" data-settings=\"{&quot;video_type&quot;:&quot;hosted&quot;,&quot;start&quot;:3,&quot;controls&quot;:&quot;yes&quot;}\" data-widget_type=\"video.default\">\n\t\t\t\t<div class=\"elementor-widget-container\">\n\t\t\t\t\t\t\t<div class=\"e-hosted-video elementor-wrapper elementor-open-inline\">\n\t\t\t\t\t<video class=\"elementor-video\" src=\"https:\/\/ecolesaintemariegrandchamp.fr\/wp-content\/uploads\/2025\/04\/Mon-film.mp4#t=3\" controls=\"\" preload=\"metadata\" controlsList=\"nodownload\"><\/video>\n\t\t\t\t<\/div>\n\t\t\t\t\t\t<\/div>\n\t\t\t\t<\/div>\n\t\t\t\t\t<\/div>\n\t\t<\/div>\n\t\t\t\t<div class=\"elementor-column elementor-col-50 elementor-top-column elementor-element elementor-element-a552dbb\" data-id=\"a552dbb\" data-element_type=\"column\" data-e-type=\"column\">\n\t\t\t<div class=\"elementor-widget-wrap elementor-element-populated\">\n\t\t\t\t\t\t<div class=\"elementor-element elementor-element-25d02a49 elementor-widget elementor-widget-text-editor\" data-id=\"25d02a49\" data-element_type=\"widget\" data-e-type=\"widget\" data-widget_type=\"text-editor.default\">\n\t\t\t\t<div class=\"elementor-widget-container\">\n\t\t\t\t\t\t\t\t\t<p class=\"has-medium-font-size\">Voici le lip\u2019dub que nous vous avons r\u00e9alis\u00e9 avec la pr\u00e9cieuse aide de Nicolas CHARLES de la soci\u00e9t\u00e9 441 Pictures. Ce projet de tourner un lip\u2019dub, a demand\u00e9 beaucoup de temps de pr\u00e9paration et de concertation en \u00e9quipe mais le r\u00e9sultat est \u00e0 la hauteur de nos esp\u00e9rances. La phase de tournage, quant \u00e0 elle, exigea beaucoup de patience\u00a0; il fallut faire plusieurs prises et donc recommencer encore et encore l\u2019action. Mais, cela nous a vraiment plu\u00a0!<\/p><p class=\"has-medium-font-size\">Je remercie \u00e9galement Morgane, l\u2019intervenante de Vannes Agglo, qui dans le cadre du parcours \u00ab\u00a0Musique \u00e0 l\u2019\u00e9cole\u00a0\u00bb est intervenue aupr\u00e8s des \u00e9l\u00e8ves de cycle 3 pour cr\u00e9er de toute pi\u00e8ce une musique pour le lip\u2019dub et inventer les paroles. Tous les enfants ont \u00e9prouv\u00e9 beaucoup de plaisir durant ces s\u00e9ances de musique.<\/p><p class=\"has-medium-font-size\">Bref un merveilleux projet\u00a0!<\/p><p class=\"has-medium-font-size\"><strong>La cheffe d&rsquo;\u00e9tablissement<\/strong><\/p><p class=\"has-medium-font-size\"><strong>Nathalie Bouvr\u00e9e<\/strong><\/p>\t\t\t\t\t\t\t\t<\/div>\n\t\t\t\t<\/div>\n\t\t\t\t\t<\/div>\n\t\t<\/div>\n\t\t\t\t\t<\/div>\n\t\t<\/section>\n\t\t\t\t<section class=\"elementor-section elementor-top-section elementor-element elementor-element-ec4e69e elementor-section-boxed elementor-section-height-default elementor-section-height-default\" data-id=\"ec4e69e\" data-element_type=\"section\" data-e-type=\"section\">\n\t\t\t\t\t\t<div class=\"elementor-container elementor-column-gap-default\">\n\t\t\t\t\t<div class=\"elementor-column elementor-col-100 elementor-top-column elementor-element elementor-element-6db621c5\" data-id=\"6db621c5\" data-element_type=\"column\" data-e-type=\"column\">\n\t\t\t<div class=\"elementor-widget-wrap elementor-element-populated\">\n\t\t\t\t\t\t<div class=\"elementor-element elementor-element-dc77e46 elementor-widget elementor-widget-google_maps\" data-id=\"dc77e46\" data-element_type=\"widget\" data-e-type=\"widget\" data-widget_type=\"google_maps.default\">\n\t\t\t\t<div class=\"elementor-widget-container\">\n\t\t\t\t\t\t\t<div class=\"elementor-custom-embed\">\n\t\t\t<iframe loading=\"lazy\"\n\t\t\t\t\tsrc=\"https:\/\/maps.google.com\/maps?q=%C3%89cole%20sainte%20marie%20grand-champ&#038;t=m&#038;z=10&#038;output=embed&#038;iwloc=near\"\n\t\t\t\t\ttitle=\"\u00c9cole sainte marie grand-champ\"\n\t\t\t\t\taria-label=\"\u00c9cole sainte marie grand-champ\"\n\t\t\t><\/iframe>\n\t\t<\/div>\n\t\t\t\t\t\t<\/div>\n\t\t\t\t<\/div>\n\t\t\t\t\t<\/div>\n\t\t<\/div>\n\t\t\t\t\t<\/div>\n\t\t<\/section>\n\t\t\t\t<\/div>\n\t\t","protected":false},"excerpt":{"rendered":"<p>Bienvenue \u00e0 l&rsquo;\u00e9cole Sainte Marie de Grand-Champ ! T\u00e9l\u00e9phone 02.97.66.76.33 Mail eco56.stema.grand-champ@e-c.bzh Adresse Route de Penho\u00ebt56390 Grand-Champ https:\/\/ecolesaintemariegrandchamp.fr\/wp-content\/uploads\/2025\/04\/Mon-film.mp4#t=3 Voici le lip\u2019dub que nous vous avons r\u00e9alis\u00e9 avec la pr\u00e9cieuse aide de Nicolas CHARLES de la soci\u00e9t\u00e9 441 Pictures. Ce projet de tourner un lip\u2019dub, a demand\u00e9 beaucoup de temps de pr\u00e9paration et de concertation en&hellip;&nbsp;<a href=\"https:\/\/ecolesaintemariegrandchamp.fr\/\" rel=\"bookmark\">Lire la suite &raquo;<span class=\"screen-reader-text\">Ecole Sainte Marie Grand-Champ<\/span><\/a><\/p>\n","protected":false},"author":1,"featured_media":0,"parent":0,"menu_order":0,"comment_status":"closed","ping_status":"closed","template":"","meta":{"neve_meta_sidebar":"","neve_meta_container":"","neve_meta_enable_content_width":"","neve_meta_content_width":0,"neve_meta_title_alignment":"","neve_meta_author_avatar":"","neve_post_elements_order":"","neve_meta_disable_header":"","neve_meta_disable_footer":"","neve_meta_disable_title":"","footnotes":""},"class_list":["post-367","page","type-page","status-publish","hentry"],"yoast_head":"<!-- This site is optimized with the Yoast SEO plugin v27.4 - https:\/\/yoast.com\/product\/yoast-seo-wordpress\/ -->\n<title>Ecole Sainte Marie Grand-Champ - Ecole Sainte Marie Grand-Champ<\/title>\n<meta name=\"robots\" content=\"index, follow, max-snippet:-1, max-image-preview:large, max-video-preview:-1\" \/>\n<link rel=\"canonical\" href=\"https:\/\/ecolesaintemariegrandchamp.fr\/\" \/>\n<meta property=\"og:locale\" content=\"fr_FR\" \/>\n<meta property=\"og:type\" content=\"article\" \/>\n<meta property=\"og:title\" content=\"Ecole Sainte Marie Grand-Champ - Ecole Sainte Marie Grand-Champ\" \/>\n<meta property=\"og:description\" content=\"Bienvenue \u00e0 l&rsquo;\u00e9cole Sainte Marie de Grand-Champ ! T\u00e9l\u00e9phone 02.97.66.76.33 Mail eco56.stema.grand-champ@e-c.bzh Adresse Route de Penho\u00ebt56390 Grand-Champ https:\/\/ecolesaintemariegrandchamp.fr\/wp-content\/uploads\/2025\/04\/Mon-film.mp4#t=3 Voici le lip\u2019dub que nous vous avons r\u00e9alis\u00e9 avec la pr\u00e9cieuse aide de Nicolas CHARLES de la soci\u00e9t\u00e9 441 Pictures. Ce projet de tourner un lip\u2019dub, a demand\u00e9 beaucoup de temps de pr\u00e9paration et de concertation en&hellip;&nbsp;Lire la suite &raquo;Ecole Sainte Marie Grand-Champ\" \/>\n<meta property=\"og:url\" content=\"https:\/\/ecolesaintemariegrandchamp.fr\/\" \/>\n<meta property=\"og:site_name\" content=\"Ecole Sainte Marie Grand-Champ\" \/>\n<meta property=\"article:modified_time\" content=\"2026-01-26T15:26:53+00:00\" \/>\n<meta name=\"twitter:card\" content=\"summary_large_image\" \/>\n<meta name=\"twitter:label1\" content=\"Dur\u00e9e de lecture estim\u00e9e\" \/>\n\t<meta name=\"twitter:data1\" content=\"1 minute\" \/>\n<script type=\"application\/ld+json\" class=\"yoast-schema-graph\">{\"@context\":\"https:\\\/\\\/schema.org\",\"@graph\":[{\"@type\":\"WebPage\",\"@id\":\"https:\\\/\\\/ecolesaintemariegrandchamp.fr\\\/\",\"url\":\"https:\\\/\\\/ecolesaintemariegrandchamp.fr\\\/\",\"name\":\"Ecole Sainte Marie Grand-Champ - Ecole Sainte Marie Grand-Champ\",\"isPartOf\":{\"@id\":\"https:\\\/\\\/ecolesaintemariegrandchamp.fr\\\/#website\"},\"datePublished\":\"2025-05-06T12:46:52+00:00\",\"dateModified\":\"2026-01-26T15:26:53+00:00\",\"breadcrumb\":{\"@id\":\"https:\\\/\\\/ecolesaintemariegrandchamp.fr\\\/#breadcrumb\"},\"inLanguage\":\"fr-FR\",\"potentialAction\":[{\"@type\":\"ReadAction\",\"target\":[\"https:\\\/\\\/ecolesaintemariegrandchamp.fr\\\/\"]}]},{\"@type\":\"BreadcrumbList\",\"@id\":\"https:\\\/\\\/ecolesaintemariegrandchamp.fr\\\/#breadcrumb\",\"itemListElement\":[{\"@type\":\"ListItem\",\"position\":1,\"name\":\"Accueil\",\"item\":\"https:\\\/\\\/ecolesaintemariegrandchamp.fr\\\/\"},{\"@type\":\"ListItem\",\"position\":2,\"name\":\"Ecole Sainte Marie Grand-Champ\"}]},{\"@type\":\"WebSite\",\"@id\":\"https:\\\/\\\/ecolesaintemariegrandchamp.fr\\\/#website\",\"url\":\"https:\\\/\\\/ecolesaintemariegrandchamp.fr\\\/\",\"name\":\"Ecole Sainte Marie Grand-Champ\",\"description\":\"Un site utilisant WordPress\",\"publisher\":{\"@id\":\"https:\\\/\\\/ecolesaintemariegrandchamp.fr\\\/#organization\"},\"potentialAction\":[{\"@type\":\"SearchAction\",\"target\":{\"@type\":\"EntryPoint\",\"urlTemplate\":\"https:\\\/\\\/ecolesaintemariegrandchamp.fr\\\/?s={search_term_string}\"},\"query-input\":{\"@type\":\"PropertyValueSpecification\",\"valueRequired\":true,\"valueName\":\"search_term_string\"}}],\"inLanguage\":\"fr-FR\"},{\"@type\":\"Organization\",\"@id\":\"https:\\\/\\\/ecolesaintemariegrandchamp.fr\\\/#organization\",\"name\":\"Ecole Sainte Marie Grand-Champ\",\"url\":\"https:\\\/\\\/ecolesaintemariegrandchamp.fr\\\/\",\"logo\":{\"@type\":\"ImageObject\",\"inLanguage\":\"fr-FR\",\"@id\":\"https:\\\/\\\/ecolesaintemariegrandchamp.fr\\\/#\\\/schema\\\/logo\\\/image\\\/\",\"url\":\"https:\\\/\\\/ecolesaintemariegrandchamp.fr\\\/wp-content\\\/uploads\\\/2025\\\/03\\\/logo-agency.png\",\"contentUrl\":\"https:\\\/\\\/ecolesaintemariegrandchamp.fr\\\/wp-content\\\/uploads\\\/2025\\\/03\\\/logo-agency.png\",\"width\":200,\"height\":200,\"caption\":\"Ecole Sainte Marie Grand-Champ\"},\"image\":{\"@id\":\"https:\\\/\\\/ecolesaintemariegrandchamp.fr\\\/#\\\/schema\\\/logo\\\/image\\\/\"}}]}<\/script>\n<!-- \/ Yoast SEO plugin. -->","yoast_head_json":{"title":"Ecole Sainte Marie Grand-Champ - Ecole Sainte Marie Grand-Champ","robots":{"index":"index","follow":"follow","max-snippet":"max-snippet:-1","max-image-preview":"max-image-preview:large","max-video-preview":"max-video-preview:-1"},"canonical":"https:\/\/ecolesaintemariegrandchamp.fr\/","og_locale":"fr_FR","og_type":"article","og_title":"Ecole Sainte Marie Grand-Champ - Ecole Sainte Marie Grand-Champ","og_description":"Bienvenue \u00e0 l&rsquo;\u00e9cole Sainte Marie de Grand-Champ ! T\u00e9l\u00e9phone 02.97.66.76.33 Mail eco56.stema.grand-champ@e-c.bzh Adresse Route de Penho\u00ebt56390 Grand-Champ https:\/\/ecolesaintemariegrandchamp.fr\/wp-content\/uploads\/2025\/04\/Mon-film.mp4#t=3 Voici le lip\u2019dub que nous vous avons r\u00e9alis\u00e9 avec la pr\u00e9cieuse aide de Nicolas CHARLES de la soci\u00e9t\u00e9 441 Pictures. Ce projet de tourner un lip\u2019dub, a demand\u00e9 beaucoup de temps de pr\u00e9paration et de concertation en&hellip;&nbsp;Lire la suite &raquo;Ecole Sainte Marie Grand-Champ","og_url":"https:\/\/ecolesaintemariegrandchamp.fr\/","og_site_name":"Ecole Sainte Marie Grand-Champ","article_modified_time":"2026-01-26T15:26:53+00:00","twitter_card":"summary_large_image","twitter_misc":{"Dur\u00e9e de lecture estim\u00e9e":"1 minute"},"schema":{"@context":"https:\/\/schema.org","@graph":[{"@type":"WebPage","@id":"https:\/\/ecolesaintemariegrandchamp.fr\/","url":"https:\/\/ecolesaintemariegrandchamp.fr\/","name":"Ecole Sainte Marie Grand-Champ - Ecole Sainte Marie Grand-Champ","isPartOf":{"@id":"https:\/\/ecolesaintemariegrandchamp.fr\/#website"},"datePublished":"2025-05-06T12:46:52+00:00","dateModified":"2026-01-26T15:26:53+00:00","breadcrumb":{"@id":"https:\/\/ecolesaintemariegrandchamp.fr\/#breadcrumb"},"inLanguage":"fr-FR","potentialAction":[{"@type":"ReadAction","target":["https:\/\/ecolesaintemariegrandchamp.fr\/"]}]},{"@type":"BreadcrumbList","@id":"https:\/\/ecolesaintemariegrandchamp.fr\/#breadcrumb","itemListElement":[{"@type":"ListItem","position":1,"name":"Accueil","item":"https:\/\/ecolesaintemariegrandchamp.fr\/"},{"@type":"ListItem","position":2,"name":"Ecole Sainte Marie Grand-Champ"}]},{"@type":"WebSite","@id":"https:\/\/ecolesaintemariegrandchamp.fr\/#website","url":"https:\/\/ecolesaintemariegrandchamp.fr\/","name":"Ecole Sainte Marie Grand-Champ","description":"Un site utilisant WordPress","publisher":{"@id":"https:\/\/ecolesaintemariegrandchamp.fr\/#organization"},"potentialAction":[{"@type":"SearchAction","target":{"@type":"EntryPoint","urlTemplate":"https:\/\/ecolesaintemariegrandchamp.fr\/?s={search_term_string}"},"query-input":{"@type":"PropertyValueSpecification","valueRequired":true,"valueName":"search_term_string"}}],"inLanguage":"fr-FR"},{"@type":"Organization","@id":"https:\/\/ecolesaintemariegrandchamp.fr\/#organization","name":"Ecole Sainte Marie Grand-Champ","url":"https:\/\/ecolesaintemariegrandchamp.fr\/","logo":{"@type":"ImageObject","inLanguage":"fr-FR","@id":"https:\/\/ecolesaintemariegrandchamp.fr\/#\/schema\/logo\/image\/","url":"https:\/\/ecolesaintemariegrandchamp.fr\/wp-content\/uploads\/2025\/03\/logo-agency.png","contentUrl":"https:\/\/ecolesaintemariegrandchamp.fr\/wp-content\/uploads\/2025\/03\/logo-agency.png","width":200,"height":200,"caption":"Ecole Sainte Marie Grand-Champ"},"image":{"@id":"https:\/\/ecolesaintemariegrandchamp.fr\/#\/schema\/logo\/image\/"}}]}},"_links":{"self":[{"href":"https:\/\/ecolesaintemariegrandchamp.fr\/index.php\/wp-json\/wp\/v2\/pages\/367","targetHints":{"allow":["GET"]}}],"collection":[{"href":"https:\/\/ecolesaintemariegrandchamp.fr\/index.php\/wp-json\/wp\/v2\/pages"}],"about":[{"href":"https:\/\/ecolesaintemariegrandchamp.fr\/index.php\/wp-json\/wp\/v2\/types\/page"}],"author":[{"embeddable":true,"href":"https:\/\/ecolesaintemariegrandchamp.fr\/index.php\/wp-json\/wp\/v2\/users\/1"}],"replies":[{"embeddable":true,"href":"https:\/\/ecolesaintemariegrandchamp.fr\/index.php\/wp-json\/wp\/v2\/comments?post=367"}],"version-history":[{"count":35,"href":"https:\/\/ecolesaintemariegrandchamp.fr\/index.php\/wp-json\/wp\/v2\/pages\/367\/revisions"}],"predecessor-version":[{"id":538,"href":"https:\/\/ecolesaintemariegrandchamp.fr\/index.php\/wp-json\/wp\/v2\/pages\/367\/revisions\/538"}],"wp:attachment":[{"href":"https:\/\/ecolesaintemariegrandchamp.fr\/index.php\/wp-json\/wp\/v2\/media?parent=367"}],"curies":[{"name":"wp","href":"https:\/\/api.w.org\/{rel}","templated":true}]}}